{"id":1744,"date":"2016-06-03T15:18:26","date_gmt":"2016-06-03T13:18:26","guid":{"rendered":"http:\/\/efectis.demediagraaf.dev\/de\/?page_id=1744"},"modified":"2021-09-14T16:22:17","modified_gmt":"2021-09-14T14:22:17","slug":"services-by-solutions","status":"publish","type":"page","link":"https:\/\/efectis.com\/de\/services-by-solutions\/","title":{"rendered":"L\u00f6sungsspezifische Dienstleistungen"},"content":{"rendered":"\n<p>Jedes Jahr investiert Efectis in neue Testeinrichtungen, um die Leistungsdaten Ihrer Produkte- und Systeme bez\u00fcglich der Brandeigenschaften zu erweitern: neue \u00d6fen, neue Fassadenpr\u00fcfungen nach nationalen, europ\u00e4ischen Protokoll\u2026<\/p>\n","protected":false},"excerpt":{"rendered":"<p>Jedes Jahr investiert Efectis in neue Testeinrichtungen, um die Leistungsdaten Ihrer Produkte- und Systeme bez\u00fcglich der Brandeigenschaften zu erweitern: neue \u00d6fen, neue Fassadenpr\u00fcfungen nach nationalen, europ\u00e4ischen Protokoll\u2026<\/p>\n","protected":false},"author":10,"featured_media":31144,"parent":0,"menu_order":206,"comment_status":"closed","ping_status":"closed","template":"thm_solutions_landing_page.php","meta":{"_acf_changed":false,"_coblocks_attr":"","_coblocks_dimensions":"","_coblocks_responsive_height":"","_coblocks_accordion_ie_support":"","_uag_custom_page_level_css":"","footnotes":""},"class_list":["post-1744","page","type-page","status-publish","has-post-thumbnail","hentry"],"acf":[],"uagb_featured_image_src":{"full":["https:\/\/efectis.com\/app\/uploads\/2020\/09\/DSC_0061-scaled.jpg",2560,1714,false],"thumbnail":["https:\/\/efectis.com\/app\/uploads\/2020\/09\/DSC_0061-250x150.jpg",250,150,true],"medium":["https:\/\/efectis.com\/app\/uploads\/2020\/09\/DSC_0061-300x201.jpg",300,201,true],"medium_large":["https:\/\/efectis.com\/app\/uploads\/2020\/09\/DSC_0061-scaled.jpg",2560,1714,false],"large":["https:\/\/efectis.com\/app\/uploads\/2020\/09\/DSC_0061-1024x685.jpg",1024,685,true],"1536x1536":["https:\/\/efectis.com\/app\/uploads\/2020\/09\/DSC_0061-1536x1028.jpg",1536,1028,true],"2048x2048":["https:\/\/efectis.com\/app\/uploads\/2020\/09\/DSC_0061-2048x1371.jpg",2048,1371,true],"gform-image-choice-sm":["https:\/\/efectis.com\/app\/uploads\/2020\/09\/DSC_0061-scaled.jpg",300,201,false],"gform-image-choice-md":["https:\/\/efectis.com\/app\/uploads\/2020\/09\/DSC_0061-scaled.jpg",400,268,false],"gform-image-choice-lg":["https:\/\/efectis.com\/app\/uploads\/2020\/09\/DSC_0061-scaled.jpg",600,402,false]},"uagb_author_info":{"display_name":"Monique","author_link":"https:\/\/efectis.com\/de\/author\/monique\/"},"uagb_comment_info":0,"uagb_excerpt":"Jedes Jahr investiert Efectis in neue Testeinrichtungen, um die Leistungsdaten Ihrer Produkte- und Systeme bez\u00fcglich der Brandeigenschaften zu erweitern: neue \u00d6fen, neue Fassadenpr\u00fcfungen nach nationalen, europ\u00e4ischen Protokoll\u2026","_links":{"self":[{"href":"https:\/\/efectis.com\/de\/wp-json\/wp\/v2\/pages\/1744","targetHints":{"allow":["GET"]}}],"collection":[{"href":"https:\/\/efectis.com\/de\/wp-json\/wp\/v2\/pages"}],"about":[{"href":"https:\/\/efectis.com\/de\/wp-json\/wp\/v2\/types\/page"}],"author":[{"embeddable":true,"href":"https:\/\/efectis.com\/de\/wp-json\/wp\/v2\/users\/10"}],"replies":[{"embeddable":true,"href":"https:\/\/efectis.com\/de\/wp-json\/wp\/v2\/comments?post=1744"}],"version-history":[{"count":0,"href":"https:\/\/efectis.com\/de\/wp-json\/wp\/v2\/pages\/1744\/revisions"}],"wp:featuredmedia":[{"embeddable":true,"href":"https:\/\/efectis.com\/de\/wp-json\/wp\/v2\/media\/31144"}],"wp:attachment":[{"href":"https:\/\/efectis.com\/de\/wp-json\/wp\/v2\/media?parent=1744"}],"curies":[{"name":"wp","href":"https:\/\/api.w.org\/{rel}","templated":true}]}}