{"id":436,"date":"2016-05-02T16:14:00","date_gmt":"2016-05-02T14:14:00","guid":{"rendered":"https:\/\/efectis.com\/?page_id=436"},"modified":"2021-09-14T16:26:28","modified_gmt":"2021-09-14T14:26:28","slug":"services-by-industry","status":"publish","type":"page","link":"https:\/\/efectis.com\/fr\/services-by-industry\/","title":{"rendered":"Services par Secteurs d\u2019Activit\u00e9s"},"content":{"rendered":"\n<p>A petite ou \u00e0 grande \u00e9chelle, du mat\u00e9riau \u00e0 l\u2019ouvrage en passant par le produit de construction, Efectis est en mesure d\u2019appr\u00e9cier et de qualifier la performance feu (r\u00e9sistance au feu, r\u00e9action au feu, syst\u00e8mes d\u2019extinction, \u00e9quipements\u2026) de vos produits, syst\u00e8mes ou de votre projet dans son int\u00e9gralit\u00e9, et ceci pour tout domaine d\u2019activit\u00e9 (Etablissements Recevant du Public, Immeubles de Grande Hauteur, logement, nucl\u00e9aire, transports, infrastructures, tunnels, processus industriel et de stockage, bureaux\u2026).<\/p>\n","protected":false},"excerpt":{"rendered":"<p>A petite ou \u00e0 grande \u00e9chelle, du mat\u00e9riau \u00e0 l\u2019ouvrage en passant par le produit de construction, Efectis est en mesure d\u2019appr\u00e9cier et de qualifier la performance feu&#8230;<\/p>\n","protected":false},"author":10,"featured_media":12665,"parent":0,"menu_order":225,"comment_status":"closed","ping_status":"closed","template":"thm_industries_landing_page.php","meta":{"_acf_changed":false,"_coblocks_attr":"","_coblocks_dimensions":"","_coblocks_responsive_height":"","_coblocks_accordion_ie_support":"","_uag_custom_page_level_css":"","footnotes":""},"class_list":["post-436","page","type-page","status-publish","has-post-thumbnail","hentry"],"acf":[],"uagb_featured_image_src":{"full":["https:\/\/efectis.com\/app\/uploads\/2020\/03\/Distributiecentrum-1-e1638455272991.jpg",1876,1247,false],"thumbnail":["https:\/\/efectis.com\/app\/uploads\/2020\/03\/Distributiecentrum-1-250x150.jpg",250,150,true],"medium":["https:\/\/efectis.com\/app\/uploads\/2020\/03\/Distributiecentrum-1-300x199.jpg",300,199,true],"medium_large":["https:\/\/efectis.com\/app\/uploads\/2020\/03\/Distributiecentrum-1-e1638455272991.jpg",1876,1247,false],"large":["https:\/\/efectis.com\/app\/uploads\/2020\/03\/Distributiecentrum-1-1024x681.jpg",1024,681,true],"1536x1536":["https:\/\/efectis.com\/app\/uploads\/2020\/03\/Distributiecentrum-1-1536x1021.jpg",1536,1021,true],"2048x2048":["https:\/\/efectis.com\/app\/uploads\/2020\/03\/Distributiecentrum-1-e1638455272991.jpg",1876,1247,false],"gform-image-choice-sm":["https:\/\/efectis.com\/app\/uploads\/2020\/03\/Distributiecentrum-1-e1638455272991.jpg",300,199,false],"gform-image-choice-md":["https:\/\/efectis.com\/app\/uploads\/2020\/03\/Distributiecentrum-1-e1638455272991.jpg",400,266,false],"gform-image-choice-lg":["https:\/\/efectis.com\/app\/uploads\/2020\/03\/Distributiecentrum-1-e1638455272991.jpg",600,399,false]},"uagb_author_info":{"display_name":"Monique","author_link":"https:\/\/efectis.com\/fr\/author\/monique\/"},"uagb_comment_info":0,"uagb_excerpt":"A petite ou \u00e0 grande \u00e9chelle, du mat\u00e9riau \u00e0 l\u2019ouvrage en passant par le produit de construction, Efectis est en mesure d\u2019appr\u00e9cier et de qualifier la performance feu...","_links":{"self":[{"href":"https:\/\/efectis.com\/fr\/wp-json\/wp\/v2\/pages\/436","targetHints":{"allow":["GET"]}}],"collection":[{"href":"https:\/\/efectis.com\/fr\/wp-json\/wp\/v2\/pages"}],"about":[{"href":"https:\/\/efectis.com\/fr\/wp-json\/wp\/v2\/types\/page"}],"author":[{"embeddable":true,"href":"https:\/\/efectis.com\/fr\/wp-json\/wp\/v2\/users\/10"}],"replies":[{"embeddable":true,"href":"https:\/\/efectis.com\/fr\/wp-json\/wp\/v2\/comments?post=436"}],"version-history":[{"count":0,"href":"https:\/\/efectis.com\/fr\/wp-json\/wp\/v2\/pages\/436\/revisions"}],"wp:featuredmedia":[{"embeddable":true,"href":"https:\/\/efectis.com\/fr\/wp-json\/wp\/v2\/media\/12665"}],"wp:attachment":[{"href":"https:\/\/efectis.com\/fr\/wp-json\/wp\/v2\/media?parent=436"}],"curies":[{"name":"wp","href":"https:\/\/api.w.org\/{rel}","templated":true}]}}