{"id":723,"date":"2016-05-09T16:56:26","date_gmt":"2016-05-09T14:56:26","guid":{"rendered":"https:\/\/efectis.com\/services-par-secteur-dactivite\/etablissements-recevant-du-public-erp-2\/"},"modified":"2023-08-09T15:36:18","modified_gmt":"2023-08-09T13:36:18","slug":"installations-oil-gas","status":"publish","type":"page","link":"https:\/\/efectis.com\/fr\/services-by-industry\/installations-oil-gas\/","title":{"rendered":"Installations Oil &#038; Gas"},"content":{"rendered":"\n<p><strong>Laboratoire agr\u00e9\u00e9 en r\u00e9sistance au feu depuis 40 ans et expert reconnu en mati\u00e8re d\u2019ing\u00e9nierie de la s\u00e9curit\u00e9 incendie, Efectis accompagne les industriels dans la mise en s\u00e9curit\u00e9 de leurs installations.<\/strong><\/p>\n\n\n\n<div class=\"wp-block-group\"><div class=\"wp-block-group__inner-container is-layout-flow wp-block-group-is-layout-flow\">\n<h2 class=\"wp-block-heading\">Nos services<\/h2>\n\n\n\n<div class=\"wp-block-coblocks-accordion\">\n<div class=\"wp-block-coblocks-accordion-item\"><details><summary class=\"wp-block-coblocks-accordion-item__title\">Essais &amp; Qualification<\/summary><div class=\"wp-block-coblocks-accordion-item__content\">\n<p><\/p>\n\n\n\n<ul class=\"wp-block-list\">\n<li>Protections passives appliqu\u00e9es \u00e0 des \u00e9l\u00e9ments structure en acier (FM 4970)<\/li>\n\n\n\n<li>Protections passives appliqu\u00e9es \u00e0 des r\u00e9servoirs de stockage de GPL en acier (FM 4971)<\/li>\n\n\n\n<li>Protections passives appliqu\u00e9es \u00e0 des \u00e9l\u00e9ments en b\u00e9ton (EN 13381-3)<\/li>\n\n\n\n<li>Protections passives appliqu\u00e9es \u00e0 des \u00e9l\u00e9ments structure en acier (EN 13381-4)<\/li>\n\n\n\n<li>Protections intumescentes appliqu\u00e9es \u00e0 des \u00e9l\u00e9ments structure en acier (EN 13381-8)<\/li>\n\n\n\n<li>Essais Jet fire (ISO 22899-1)<\/li>\n\n\n\n<li>Protections passives appliqu\u00e9es \u00e0 des \u00e9l\u00e9ments structure en acier (UL 1709)<\/li>\n<\/ul>\n<\/div><\/details><\/div>\n\n\n\n<div class=\"wp-block-coblocks-accordion-item\"><details><summary class=\"wp-block-coblocks-accordion-item__title\">Ing\u00e9nierie<\/summary><div class=\"wp-block-coblocks-accordion-item__content\">\n<p><\/p>\n\n\n\n<ul class=\"wp-block-list\">\n<li>Analyse quantitative des risques (QRA)<\/li>\n\n\n\n<li>Analyse des risques Incendie et Explosion (FERA)<\/li>\n\n\n\n<li>Etude de vuln\u00e9rabilit\u00e9 des structures (incendie, explosion)<\/li>\n\n\n\n<li>Etude de renforcement et dimensionnement des protections passives<\/li>\n\n\n\n<li>Comportement au feu et mode ruine des structures (acier, composite, b\u00e9ton, \u2026)<\/li>\n\n\n\n<li>\u00c9tude et m\u00e9trologie des syst\u00e8mes de distribution<\/li>\n\n\n\n<li>\u00c9tude relatives au stockage de liquides inflammables<\/li>\n<\/ul>\n<\/div><\/details><\/div>\n\n\n\n<div class=\"wp-block-coblocks-accordion-item\"><details><summary class=\"wp-block-coblocks-accordion-item__title\">Expertises<\/summary><div class=\"wp-block-coblocks-accordion-item__content\">\n<p><\/p>\n\n\n\n<ul class=\"wp-block-list\">\n<li>Expertises des produits de protection passive (PFP)<\/li>\n<\/ul>\n<\/div><\/details><\/div>\n<\/div>\n<\/div><\/div>\n","protected":false},"excerpt":{"rendered":"<p>Laboratoire agr\u00e9\u00e9 en r\u00e9sistance au feu depuis 40 ans et expert reconnu en mati\u00e8re d\u2019ing\u00e9nierie de la s\u00e9curit\u00e9 incendie, Efectis accompagne les industriels dans la mise en s\u00e9curit\u00e9&#8230;<\/p>\n","protected":false},"author":10,"featured_media":79783,"parent":436,"menu_order":216,"comment_status":"closed","ping_status":"closed","template":"thm_industries.php","meta":{"_acf_changed":false,"_coblocks_attr":"","_coblocks_dimensions":"","_coblocks_responsive_height":"","_coblocks_accordion_ie_support":"","_uag_custom_page_level_css":"","footnotes":""},"class_list":["post-723","page","type-page","status-publish","has-post-thumbnail","hentry"],"acf":[],"uagb_featured_image_src":{"full":["https:\/\/efectis.com\/app\/uploads\/2023\/08\/oil_1472666930-scaled-e1691489839272.jpg",2560,1184,false],"thumbnail":["https:\/\/efectis.com\/app\/uploads\/2023\/08\/oil_1472666930-scaled-e1691489839272-250x150.jpg",250,150,true],"medium":["https:\/\/efectis.com\/app\/uploads\/2023\/08\/oil_1472666930-scaled-e1691489839272-300x139.jpg",300,139,true],"medium_large":["https:\/\/efectis.com\/app\/uploads\/2023\/08\/oil_1472666930-scaled-e1691489839272.jpg",2560,1184,false],"large":["https:\/\/efectis.com\/app\/uploads\/2023\/08\/oil_1472666930-scaled-e1691489839272-1024x474.jpg",1024,474,true],"1536x1536":["https:\/\/efectis.com\/app\/uploads\/2023\/08\/oil_1472666930-scaled-e1691489839272-1536x710.jpg",1536,710,true],"2048x2048":["https:\/\/efectis.com\/app\/uploads\/2023\/08\/oil_1472666930-scaled-e1691489839272-2048x947.jpg",2048,947,true],"gform-image-choice-sm":["https:\/\/efectis.com\/app\/uploads\/2023\/08\/oil_1472666930-scaled-e1691489839272.jpg",300,139,false],"gform-image-choice-md":["https:\/\/efectis.com\/app\/uploads\/2023\/08\/oil_1472666930-scaled-e1691489839272.jpg",400,185,false],"gform-image-choice-lg":["https:\/\/efectis.com\/app\/uploads\/2023\/08\/oil_1472666930-scaled-e1691489839272.jpg",600,278,false]},"uagb_author_info":{"display_name":"Monique","author_link":"https:\/\/efectis.com\/fr\/author\/monique\/"},"uagb_comment_info":0,"uagb_excerpt":"Laboratoire agr\u00e9\u00e9 en r\u00e9sistance au feu depuis 40 ans et expert reconnu en mati\u00e8re d\u2019ing\u00e9nierie de la s\u00e9curit\u00e9 incendie, Efectis accompagne les industriels dans la mise en s\u00e9curit\u00e9...","_links":{"self":[{"href":"https:\/\/efectis.com\/fr\/wp-json\/wp\/v2\/pages\/723","targetHints":{"allow":["GET"]}}],"collection":[{"href":"https:\/\/efectis.com\/fr\/wp-json\/wp\/v2\/pages"}],"about":[{"href":"https:\/\/efectis.com\/fr\/wp-json\/wp\/v2\/types\/page"}],"author":[{"embeddable":true,"href":"https:\/\/efectis.com\/fr\/wp-json\/wp\/v2\/users\/10"}],"replies":[{"embeddable":true,"href":"https:\/\/efectis.com\/fr\/wp-json\/wp\/v2\/comments?post=723"}],"version-history":[{"count":0,"href":"https:\/\/efectis.com\/fr\/wp-json\/wp\/v2\/pages\/723\/revisions"}],"up":[{"embeddable":true,"href":"https:\/\/efectis.com\/fr\/wp-json\/wp\/v2\/pages\/436"}],"wp:featuredmedia":[{"embeddable":true,"href":"https:\/\/efectis.com\/fr\/wp-json\/wp\/v2\/media\/79783"}],"wp:attachment":[{"href":"https:\/\/efectis.com\/fr\/wp-json\/wp\/v2\/media?parent=723"}],"curies":[{"name":"wp","href":"https:\/\/api.w.org\/{rel}","templated":true}]}}