{"id":772,"date":"2016-05-09T18:12:22","date_gmt":"2016-05-09T16:12:22","guid":{"rendered":"https:\/\/efectis.com\/services-par-secteur-dactivite\/etablissements-recevant-du-public-erp-2\/"},"modified":"2023-08-09T15:48:43","modified_gmt":"2023-08-09T13:48:43","slug":"infrastructures","status":"publish","type":"page","link":"https:\/\/efectis.com\/fr\/services-by-industry\/infrastructures\/","title":{"rendered":"Infrastructures"},"content":{"rendered":"\n<p><strong>Laboratoire agr\u00e9\u00e9 en r\u00e9sistance au feu depuis 40 ans et expert reconnu en mati\u00e8re d\u2019ing\u00e9nierie de la s\u00e9curit\u00e9 incendie, Efectis accompagne les exploitants dans la mise en s\u00e9curit\u00e9 de leurs ouvrages.<\/strong><\/p>\n\n\n\n<div class=\"wp-block-group\"><div class=\"wp-block-group__inner-container is-layout-flow wp-block-group-is-layout-flow\">\n<h2 class=\"wp-block-heading\">Nos services<\/h2>\n\n\n\n<div class=\"wp-block-coblocks-accordion\">\n<div class=\"wp-block-coblocks-accordion-item\"><details><summary class=\"wp-block-coblocks-accordion-item__title\"><strong>ESSAIS ET QUALIFICATION<\/strong><\/summary><div class=\"wp-block-coblocks-accordion-item__content\">\n<ul class=\"wp-block-list\">\n<li>Essais de r\u00e9sistance au feu sous feu ISO et HCM<\/li>\n\n\n\n<li>Marquage CE des produits de construction<\/li>\n\n\n\n<li>Essais de grandeur r\u00e9elle en tunnels<\/li>\n\n\n\n<li>Essais in-situ de r\u00e9sistance au feu et d\u2019\u00e9caillage du b\u00e9ton<\/li>\n\n\n\n<li>Essais in-situ des syst\u00e8mes de ventilation et d&#8217;extraction de fum\u00e9e (a\u00e9raulique et&nbsp; acoustique)<\/li>\n\n\n\n<li>Essais de dimensionnement des syst\u00e8mes d&#8217;extinction incendie<\/li>\n<\/ul>\n<\/div><\/details><\/div>\n\n\n\n<div class=\"wp-block-coblocks-accordion-item\"><details><summary class=\"wp-block-coblocks-accordion-item__title\"><strong>ING\u00c9NIERIE<\/strong><\/summary><div class=\"wp-block-coblocks-accordion-item__content\">\n<ul class=\"wp-block-list\">\n<li>Etudes de stabilit\u00e9 au feu sous feu (ISO 834 et HCM) et sc\u00e9narios de feu r\u00e9el<\/li>\n\n\n\n<li>Etudes d\u2019ing\u00e9nierie du d\u00e9senfumage<\/li>\n\n\n\n<li>Dossiers de S\u00e9curit\u00e9 des tunnels routiers (ESD, PIS, RI, REX, etc.)<\/li>\n<\/ul>\n<\/div><\/details><\/div>\n\n\n\n<div class=\"wp-block-coblocks-accordion-item\"><details><summary class=\"wp-block-coblocks-accordion-item__title\"><strong><strong>EXPERTISES SUR SITE<\/strong><\/strong><\/summary><div class=\"wp-block-coblocks-accordion-item__content\">\n<ul class=\"wp-block-list\">\n<li>Avis de chantier<\/li>\n\n\n\n<li>Expertise en r\u00e9sistance au feu<\/li>\n\n\n\n<li>Diagnostic de vieillissement des \u00e9quipements et des \u00e9l\u00e9ments de sectorisation<\/li>\n\n\n\n<li>D\u00e9finition des plans de maintenance des \u00e9l\u00e9ments de sectorisation<\/li>\n\n\n\n<li>Expertise des syst\u00e8mes de ventilation et d\u2019extraction des fum\u00e9es<\/li>\n\n\n\n<li>Assistance technique aux MOE et MOA<\/li>\n<\/ul>\n<\/div><\/details><\/div>\n<\/div>\n<\/div><\/div>\n","protected":false},"excerpt":{"rendered":"<p>Laboratoire agr\u00e9\u00e9 en r\u00e9sistance au feu depuis 40 ans et expert reconnu en mati\u00e8re d\u2019ing\u00e9nierie de la s\u00e9curit\u00e9 incendie, Efectis accompagne les exploitants dans la mise en s\u00e9curit\u00e9&#8230;<\/p>\n","protected":false},"author":10,"featured_media":775,"parent":436,"menu_order":214,"comment_status":"closed","ping_status":"closed","template":"thm_industries.php","meta":{"_acf_changed":false,"_coblocks_attr":"","_coblocks_dimensions":"","_coblocks_responsive_height":"","_coblocks_accordion_ie_support":"","_uag_custom_page_level_css":"","footnotes":""},"class_list":["post-772","page","type-page","status-publish","has-post-thumbnail","hentry"],"acf":[],"uagb_featured_image_src":{"full":["https:\/\/efectis.com\/app\/uploads\/2016\/05\/98_12108BANInfrastructure.jpg",2500,400,false],"thumbnail":["https:\/\/efectis.com\/app\/uploads\/2016\/05\/98_12108BANInfrastructure-250x150.jpg",250,150,true],"medium":["https:\/\/efectis.com\/app\/uploads\/2016\/05\/98_12108BANInfrastructure-300x48.jpg",300,48,true],"medium_large":["https:\/\/efectis.com\/app\/uploads\/2016\/05\/98_12108BANInfrastructure.jpg",2500,400,false],"large":["https:\/\/efectis.com\/app\/uploads\/2016\/05\/98_12108BANInfrastructure-1024x164.jpg",1024,164,true],"1536x1536":["https:\/\/efectis.com\/app\/uploads\/2016\/05\/98_12108BANInfrastructure.jpg",1536,246,false],"2048x2048":["https:\/\/efectis.com\/app\/uploads\/2016\/05\/98_12108BANInfrastructure.jpg",2048,328,false],"gform-image-choice-sm":["https:\/\/efectis.com\/app\/uploads\/2016\/05\/98_12108BANInfrastructure.jpg",300,48,false],"gform-image-choice-md":["https:\/\/efectis.com\/app\/uploads\/2016\/05\/98_12108BANInfrastructure.jpg",400,64,false],"gform-image-choice-lg":["https:\/\/efectis.com\/app\/uploads\/2016\/05\/98_12108BANInfrastructure.jpg",600,96,false]},"uagb_author_info":{"display_name":"Monique","author_link":"https:\/\/efectis.com\/fr\/author\/monique\/"},"uagb_comment_info":0,"uagb_excerpt":"Laboratoire agr\u00e9\u00e9 en r\u00e9sistance au feu depuis 40 ans et expert reconnu en mati\u00e8re d\u2019ing\u00e9nierie de la s\u00e9curit\u00e9 incendie, Efectis accompagne les exploitants dans la mise en s\u00e9curit\u00e9...","_links":{"self":[{"href":"https:\/\/efectis.com\/fr\/wp-json\/wp\/v2\/pages\/772","targetHints":{"allow":["GET"]}}],"collection":[{"href":"https:\/\/efectis.com\/fr\/wp-json\/wp\/v2\/pages"}],"about":[{"href":"https:\/\/efectis.com\/fr\/wp-json\/wp\/v2\/types\/page"}],"author":[{"embeddable":true,"href":"https:\/\/efectis.com\/fr\/wp-json\/wp\/v2\/users\/10"}],"replies":[{"embeddable":true,"href":"https:\/\/efectis.com\/fr\/wp-json\/wp\/v2\/comments?post=772"}],"version-history":[{"count":0,"href":"https:\/\/efectis.com\/fr\/wp-json\/wp\/v2\/pages\/772\/revisions"}],"up":[{"embeddable":true,"href":"https:\/\/efectis.com\/fr\/wp-json\/wp\/v2\/pages\/436"}],"wp:featuredmedia":[{"embeddable":true,"href":"https:\/\/efectis.com\/fr\/wp-json\/wp\/v2\/media\/775"}],"wp:attachment":[{"href":"https:\/\/efectis.com\/fr\/wp-json\/wp\/v2\/media?parent=772"}],"curies":[{"name":"wp","href":"https:\/\/api.w.org\/{rel}","templated":true}]}}