{"id":75113,"date":"2023-01-27T15:15:30","date_gmt":"2023-01-27T14:15:30","guid":{"rendered":"https:\/\/efectis.com\/?page_id=75113"},"modified":"2023-04-10T13:13:22","modified_gmt":"2023-04-10T11:13:22","slug":"privacy-policy","status":"publish","type":"page","link":"https:\/\/efectis.com\/ru\/privacy-policy\/","title":{"rendered":"\u041f\u041e\u041b\u0418\u0422\u0418\u041a\u0410 \u041a\u041e\u041d\u0424\u0418\u0414\u0415\u041d\u0426\u0418\u0410\u041b\u042c\u041d\u041e\u0421\u0422\u0418\u0421"},"content":{"rendered":"\n<p><strong>\u0421 \u043f\u043e\u044f\u0432\u043b\u0435\u043d\u0438\u0435\u043c \u043d\u043e\u0432\u044b\u0445 \u0441\u0440\u0435\u0434\u0441\u0442\u0432 \u0441\u0432\u044f\u0437\u0438 \u043d\u0435\u043e\u0431\u0445\u043e\u0434\u0438\u043c\u043e \u0443\u0434\u0435\u043b\u0438\u0442\u044c \u043e\u0441\u043e\u0431\u043e\u0435 \u0432\u043d\u0438\u043c\u0430\u043d\u0438\u0435 \u0437\u0430\u0449\u0438\u0442\u0435 \u043f\u0435\u0440\u0441\u043e\u043d\u0430\u043b\u044c\u043d\u044b\u0445 \u0434\u0430\u043d\u043d\u044b\u0445. \u041c\u044b \u043e\u0431\u044f\u0437\u0443\u0435\u043c\u0441\u044f \u0441\u043e\u0431\u043b\u044e\u0434\u0430\u0442\u044c \u043a\u043e\u043d\u0444\u0438\u0434\u0435\u043d\u0446\u0438\u0430\u043b\u044c\u043d\u043e\u0441\u0442\u044c \u0441\u043e\u0431\u0440\u0430\u043d\u043d\u043e\u0439 \u043d\u0430\u043c\u0438 \u043f\u0435\u0440\u0441\u043e\u043d\u0430\u043b\u044c\u043d\u043e\u0439 \u0438\u043d\u0444\u043e\u0440\u043c\u0430\u0446\u0438\u0438.<\/strong><\/p>\n\n\n\n<hr class=\"wp-block-separator has-css-opacity\"\/>\n\n\n\n<h4 class=\"wp-block-heading\">\u0421\u0431\u043e\u0440 \u043f\u0435\u0440\u0441\u043e\u043d\u0430\u043b\u044c\u043d\u043e\u0439 \u0438\u043d\u0444\u043e\u0440\u043c\u0430\u0446\u0438\u0438 \/ \u041c\u044b \u0441\u043e\u0431\u0438\u0440\u0430\u0435\u043c \u0441\u043b\u0435\u0434\u0443\u044e\u0449\u0443\u044e \u0438\u043d\u0444\u043e\u0440\u043c\u0430\u0446\u0438\u044e:<\/h4>\n\n\n\n<ul class=\"wp-block-list\">\n<li>\u041f\u043e\u043b<\/li>\n\n\n\n<li>\u041f\u043e\u0447\u0442\u043e\u0432\u044b\u0439 \u0430\u0434\u0440\u0435\u0441<\/li>\n\n\n\n<li>\u0418\u043d\u0434\u0435\u043a\u0441<\/li>\n\n\n\n<li>\u0410\u0434\u0440\u0435\u0441 \u044d\u043b\u0435\u043a\u0442\u0440\u043e\u043d\u043d\u043e\u0439 \u043f\u043e\u0447\u0442\u044b<\/li>\n\n\n\n<li>\u041d\u043e\u043c\u0435\u0440 \u0442\u0435\u043b\u0435\u0444\u043e\u043d\u0430\/\u0444\u0430\u043a\u0441\u0430<\/li>\n\n\n\n<li>\u041f\u043e\u043b<\/li>\n<\/ul>\n\n\n\n<p>\u0421\u0431\u043e\u0440 \u0432\u0430\u0448\u0438\u0445 \u043f\u0435\u0440\u0441\u043e\u043d\u0430\u043b\u044c\u043d\u044b\u0445 \u0434\u0430\u043d\u043d\u044b\u0445 \u043f\u0440\u043e\u0438\u0441\u0445\u043e\u0434\u0438\u0442 \u0447\u0435\u0440\u0435\u0437 \u0444\u043e\u0440\u043c\u044b, \u043a\u043e\u0442\u043e\u0440\u044b\u0435 \u0432\u044b \u0437\u0430\u043f\u043e\u043b\u043d\u044f\u0435\u0442\u0435, \u0432\u0437\u0430\u0438\u043c\u043e\u0434\u0435\u0439\u0441\u0442\u0432\u0443\u044f \u0441 \u043d\u0430\u0448\u0438\u043c \u0441\u0430\u0439\u0442\u043e\u043c. \u041a\u0440\u043e\u043c\u0435 \u0442\u043e\u0433\u043e, \u0434\u043b\u044f \u0441\u0431\u043e\u0440\u0430 \u0438\u043d\u0444\u043e\u0440\u043c\u0430\u0446\u0438\u0438 \u0438\u0441\u043f\u043e\u043b\u044c\u0437\u0443\u044e\u0442\u0441\u044f \u0442\u0430\u043a\u0436\u0435 \u0444\u0430\u0439\u043b\u044b cookie \u0438\/\u0438\u043b\u0438 \u043b\u043e\u0433\u0430\u0440\u0438\u0444\u043c\u0438\u0447\u0435\u0441\u043a\u0438\u0435 \u0437\u043d\u0430\u0447\u0435\u043d\u0438\u044f, \u043e \u0447\u0435\u043c \u0433\u043e\u0432\u043e\u0440\u0438\u0442\u0441\u044f \u0432 \u0441\u043b\u0435\u0434\u0443\u044e\u0449\u0435\u043c \u0440\u0430\u0437\u0434\u0435\u043b\u0435.<\/p>\n\n\n\n<hr class=\"wp-block-separator has-css-opacity\"\/>\n\n\n\n<h4 class=\"wp-block-heading\"><strong>\u0424\u043e\u0440\u043c\u044b \u0438 \u0432\u0437\u0430\u0438\u043c\u043e\u0434\u0435\u0439\u0441\u0442\u0432\u0438\u0435<\/strong><\/h4>\n\n\n\n<p>\u0421\u0431\u043e\u0440 \u0432\u0430\u0448\u0438\u0445 \u043f\u0435\u0440\u0441\u043e\u043d\u0430\u043b\u044c\u043d\u044b\u0445 \u0434\u0430\u043d\u043d\u044b\u0445 \u043f\u0440\u043e\u0438\u0437\u0432\u043e\u0434\u0438\u0442\u0441\u044f \u0447\u0435\u0440\u0435\u0437 \u0444\u043e\u0440\u043c\u0443:<\/p>\n\n\n\n<ul class=\"wp-block-list\">\n<li>\u0424\u043e\u0440\u043c\u0430 \u0440\u0435\u0433\u0438\u0441\u0442\u0440\u0430\u0446\u0438\u0438 \u043d\u0430 \u0441\u0430\u0439\u0442\u0435<\/li>\n<\/ul>\n\n\n\n<p>\u0426\u0435\u043b\u0438 \u0441\u0431\u043e\u0440\u0430 \u0434\u0430\u043d\u043d\u044b\u0445:<\/p>\n\n\n\n<ul class=\"wp-block-list\">\n<li>\u043d\u0444\u043e\u0440\u043c\u0430\u0446\u0438\u044f\/\u0420\u0435\u043a\u043b\u0430\u043c\u0430<\/li>\n\n\n\n<li>\u0421\u0442\u0430\u0442\u0438\u0441\u0442\u0438\u043a\u0430<\/li>\n\n\n\n<li>\u041a\u043e\u043d\u0442\u0430\u043a\u0442\u044b<\/li>\n<\/ul>\n\n\n\n<p>\u0426\u0435\u043b\u044c \u0441\u0431\u043e\u0440\u0430 \u0438\u043d\u0444\u043e\u0440\u043c\u0430\u0446\u0438\u0438, \u043f\u043e\u043b\u0443\u0447\u0435\u043d\u043d\u043e\u0439 \u0432 \u0440\u0435\u0437\u0443\u043b\u044c\u0442\u0430\u0442\u0435 \u0432\u0430\u0448\u0435\u0433\u043e \u0432\u0437\u0430\u0438\u043c\u043e\u0434\u0435\u0439\u0441\u0442\u0432\u0438\u044f \u0441 \u0441\u0430\u0439\u0442\u043e\u043c:<\/p>\n\n\n\n<ul class=\"wp-block-list\">\n<li>\u0421\u0442\u0430\u0442\u0438\u0441\u0442\u0438\u043a\u0430<\/li>\n\n\n\n<li>\u041a\u043e\u043c\u043c\u0443\u043d\u0438\u043a\u0430\u0446\u0438\u044f<\/li>\n<\/ul>\n\n\n\n<p>\u0426\u0435\u043b\u044c \u0438\u0441\u043f\u043e\u043b\u044c\u0437\u043e\u0432\u0430\u043d\u0438\u044f \u0441\u043e\u0431\u0440\u0430\u043d\u043d\u043e\u0439 \u0438\u043d\u0444\u043e\u0440\u043c\u0430\u0446\u0438\u0438:<\/p>\n\n\n\n<ul class=\"wp-block-list\">\n<li>\u041f\u043e\u0447\u0442\u0430<\/li>\n<\/ul>\n\n\n\n<hr class=\"wp-block-separator has-css-opacity\"\/>\n\n\n\n<h4 class=\"wp-block-heading\"><strong>\u041f\u0440\u0430\u0432\u043e \u043d\u0430 \u0432\u043e\u0437\u0440\u0430\u0436\u0435\u043d\u0438\u0435 \u0438 \u043e\u0442\u0437\u044b\u0432 \u0440\u0430\u0437\u0440\u0435\u0448\u0435\u043d\u0438\u044f<\/strong><\/h4>\n\n\n\n<p>\u041c\u044b \u043e\u0431\u044f\u0437\u0443\u0435\u043c\u0441\u044f \u043f\u0440\u0435\u0434\u043e\u0441\u0442\u0430\u0432\u0438\u0442\u044c \u0432\u0430\u043c \u043f\u0440\u0430\u0432\u043e \u0432\u043e\u0437\u0440\u0430\u0437\u0438\u0442\u044c \u043f\u0440\u043e\u0442\u0438\u0432 \u0438\u0441\u043f\u043e\u043b\u044c\u0437\u043e\u0432\u0430\u043d\u0438\u044f \u0438 \u043e\u0442\u043e\u0437\u0432\u0430\u0442\u044c \u0440\u0430\u0437\u0440\u0435\u0448\u0435\u043d\u0438\u0435 \u043d\u0430 \u0438\u0441\u043f\u043e\u043b\u044c\u0437\u043e\u0432\u0430\u043d\u0438\u0435 \u0432\u0430\u0448\u0438\u0445 \u043f\u0435\u0440\u0441\u043e\u043d\u0430\u043b\u044c\u043d\u044b\u0445 \u0434\u0430\u043d\u043d\u044b\u0445. \u041f\u0440\u0430\u0432\u043e \u043d\u0430 \u0432\u043e\u0437\u0440\u0430\u0436\u0435\u043d\u0438\u0435 \u043f\u043e\u043d\u0438\u043c\u0430\u0435\u0442\u0441\u044f \u043a\u0430\u043a \u0432\u043e\u0437\u043c\u043e\u0436\u043d\u043e\u0441\u0442\u044c \u0438\u043d\u0442\u0435\u0440\u043d\u0435\u0442-\u043f\u043e\u043b\u044c\u0437\u043e\u0432\u0430\u0442\u0435\u043b\u044f \u043e\u0442\u043a\u0430\u0437\u0430\u0442\u044c \u0432 \u0438\u0441\u043f\u043e\u043b\u044c\u0437\u043e\u0432\u0430\u043d\u0438\u0438 \u0441\u0432\u043e\u0438\u0445 \u043f\u0435\u0440\u0441\u043e\u043d\u0430\u043b\u044c\u043d\u044b\u0445 \u0434\u0430\u043d\u043d\u044b\u0445 \u0434\u043b\u044f \u043e\u043f\u0440\u0435\u0434\u0435\u043b\u0435\u043d\u043d\u044b\u0445 \u0446\u0435\u043b\u0435\u0439, \u0443\u043a\u0430\u0437\u0430\u043d\u043d\u044b\u0445 \u043d\u0430 \u043c\u043e\u043c\u0435\u043d\u0442 \u0441\u0431\u043e\u0440\u0430 \u0438\u043d\u0444\u043e\u0440\u043c\u0430\u0446\u0438\u0438.<\/p>\n\n\n\n<figure class=\"wp-block-table\"><table><tbody><tr><td>\u041f\u0440\u0430\u0432\u043e \u043d\u0430 \u043e\u0442\u0437\u044b\u0432 \u0440\u0430\u0437\u0440\u0435\u0448\u0435\u043d\u0438\u044f \u2014 \u044d\u0442\u043e \u0432\u043e\u0437\u043c\u043e\u0436\u043d\u043e\u0441\u0442\u044c \u0438\u043d\u0442\u0435\u0440\u043d\u0435\u0442-\u043f\u043e\u043b\u044c\u0437\u043e\u0432\u0430\u0442\u0435\u043b\u044f \u043f\u043e\u0442\u0440\u0435\u0431\u043e\u0432\u0430\u0442\u044c \u043f\u0440\u0435\u043a\u0440\u0430\u0449\u0435\u043d\u0438\u044f \u043e\u0442\u043e\u0431\u0440\u0430\u0436\u0435\u043d\u0438\u044f \u0435\u0433\u043e \u043f\u0435\u0440\u0441\u043e\u043d\u0430\u043b\u044c\u043d\u044b\u0445 \u0434\u0430\u043d\u043d\u044b\u0445, \u043d\u0430\u043f\u0440\u0438\u043c\u0435\u0440, \u0432 \u0441\u043f\u0438\u0441\u043a\u0435 \u0430\u0434\u0440\u0435\u0441\u043e\u0432 \u044d\u043b\u0435\u043a\u0442\u0440\u043e\u043d\u043d\u043e\u0439 \u043f\u043e\u0447\u0442\u044b.<\/td><\/tr><\/tbody><\/table><\/figure>\n\n\n\n<figure class=\"wp-block-table\"><table><tbody><tr><td>\u0427\u0442\u043e\u0431\u044b \u0432\u043e\u0441\u043f\u043e\u043b\u044c\u0437\u043e\u0432\u0430\u0442\u044c\u0441\u044f \u044d\u0442\u0438\u043c\u0438 \u043f\u0440\u0430\u0432\u0430\u043c\u0438, \u0441\u0432\u044f\u0436\u0438\u0442\u0435\u0441\u044c \u0441 \u043d\u0430\u043c\u0438:<\/td><\/tr><\/tbody><\/table><\/figure>\n\n\n\n<p><br>\u0410\u0434\u0440\u0435\u0441: \u0440\u0430\u0439\u043e\u043d \u0414\u0438\u043b\u043e\u0432\u0430\u0441\u044b \u041e\u0421\u0411, \u043f\u0440\u043e\u0441\u043f\u0435\u043a\u0442 \u0424\u044b\u0440\u0430\u0442, \u2116&nbsp;18, \u0414\u0438\u043b\u043e\u0432\u0430\u0441\u044b\/\u041a\u043e\u0434\u0436\u0430\u044d\u043b\u0438 \u2014 \u0422\u0443\u0440\u0446\u0438\u044f (Dilovas\u0131 OSB Mahallesi F\u0131rat Cad. No:18 Dilovas\u0131 \/ Kocaeli \u2014 T\u00fcrkiye)<br>E-mail: <a href=\"mailto:contact@efectis.com\" target=\"_blank\" rel=\"noreferrer noopener\">contact<\/a>@tugce-akoglan<a href=\"mailto:contact@efectis.com\" target=\"_blank\" rel=\"noreferrer noopener\">tis.com<\/a> <br>\u0422\u0435\u043b\u0435\u0444\u043e\u043d: (0262) 658 1662<\/p>\n\n\n\n<hr class=\"wp-block-separator has-css-opacity\"\/>\n\n\n\n<h4 class=\"wp-block-heading\"><strong>\u041f\u0440\u0430\u0432\u043e \u0434\u043e\u0441\u0442\u0443\u043f\u0430<\/strong><\/h4>\n\n\n\n<p>\u041c\u044b \u043e\u0431\u044f\u0437\u0443\u0435\u043c\u0441\u044f \u043f\u0440\u0435\u0434\u043e\u0441\u0442\u0430\u0432\u043b\u044f\u0442\u044c \u043f\u043e\u043b\u044c\u0437\u043e\u0432\u0430\u0442\u0435\u043b\u044f\u043c \u043f\u0440\u0430\u0432\u043e \u0434\u043e\u0441\u0442\u0443\u043f\u0430 \u0438 \u043f\u0440\u043e\u0432\u0435\u0440\u043a\u0438 \u043b\u0438\u0447\u043d\u043e\u0439 \u0438\u043d\u0444\u043e\u0440\u043c\u0430\u0446\u0438\u0438 \u0434\u043b\u044f \u043e\u0437\u043d\u0430\u043a\u043e\u043c\u043b\u0435\u043d\u0438\u044f, \u0438\u0437\u043c\u0435\u043d\u0435\u043d\u0438\u044f \u0438\u043b\u0438 \u0443\u0434\u0430\u043b\u0435\u043d\u0438\u044f.<\/p>\n\n\n\n<figure class=\"wp-block-table\"><table><tbody><tr><td>\u0427\u0442\u043e\u0431\u044b \u0432\u043e\u0441\u043f\u043e\u043b\u044c\u0437\u043e\u0432\u0430\u0442\u044c\u0441\u044f \u044d\u0442\u0438\u043c\u0438 \u043f\u0440\u0430\u0432\u0430\u043c\u0438, \u0441\u0432\u044f\u0436\u0438\u0442\u0435\u0441\u044c \u0441 \u043d\u0430\u043c\u0438:<\/td><\/tr><\/tbody><\/table><\/figure>\n\n\n\n<p>\u0410\u0434\u0440\u0435\u0441: \u0440\u0430\u0439\u043e\u043d \u0414\u0438\u043b\u043e\u0432\u0430\u0441\u044b \u041e\u0421\u0411, \u043f\u0440\u043e\u0441\u043f\u0435\u043a\u0442 \u0424\u044b\u0440\u0430\u0442, \u2116&nbsp;18, \u0414\u0438\u043b\u043e\u0432\u0430\u0441\u044b\/\u041a\u043e\u0434\u0436\u0430\u044d\u043b\u0438 \u2014 \u0422\u0443\u0440\u0446\u0438\u044f (Dilovas\u0131 OSB Mahallesi F\u0131rat Cad. No:18 Dilovas\u0131 \/ Kocaeli \u2014 T\u00fcrkiye)<br>E-mail: <a href=\"mailto:contact@efectis.com\">contact@efectis.com<\/a><br>\u0422\u0435\u043b\u0435\u0444\u043e\u043d: (0262) 658 1662<\/p>\n\n\n\n<hr class=\"wp-block-separator has-css-opacity\"\/>\n\n\n\n<h4 class=\"wp-block-heading\">\u0411\u0435\u0437\u043e\u043f\u0430\u0441\u043d\u043e\u0441\u0442\u044c<\/h4>\n\n\n\n<p>\u0421\u043e\u0431\u0440\u0430\u043d\u043d\u044b\u0435 \u043f\u0435\u0440\u0441\u043e\u043d\u0430\u043b\u044c\u043d\u044b\u0435 \u0434\u0430\u043d\u043d\u044b\u0435 \u043d\u0430\u0434\u0435\u0436\u043d\u043e \u0437\u0430\u0449\u0438\u0449\u0435\u043d\u044b. \u041d\u0430\u0448\u0438 \u0441\u043e\u0442\u0440\u0443\u0434\u043d\u0438\u043a\u0438 \u043e\u0431\u044f\u0437\u0430\u043d\u044b \u0441\u043e\u0445\u0440\u0430\u043d\u044f\u0442\u044c \u043a\u043e\u043d\u0444\u0438\u0434\u0435\u043d\u0446\u0438\u0430\u043b\u044c\u043d\u043e\u0441\u0442\u044c \u0438\u043d\u0444\u043e\u0440\u043c\u0430\u0446\u0438\u0438. \u041c\u0435\u0440\u044b \u043e\u0431\u0435\u0441\u043f\u0435\u0447\u0435\u043d\u0438\u044f \u043a\u043e\u043d\u0444\u0438\u0434\u0435\u043d\u0446\u0438\u0430\u043b\u044c\u043d\u043e\u0441\u0442\u0438 \u043f\u0435\u0440\u0441\u043e\u043d\u0430\u043b\u044c\u043d\u043e\u0439 \u0438\u043d\u0444\u043e\u0440\u043c\u0430\u0446\u0438\u0438 \u043f\u043e\u043b\u044c\u0437\u043e\u0432\u0430\u0442\u0435\u043b\u0435\u0439:<\/p>\n\n\n\n<ul class=\"wp-block-list\">\n<li>\u041f\u0440\u043e\u0442\u043e\u043a\u043e\u043b \u0431\u0435\u0437\u043e\u043f\u0430\u0441\u043d\u043e\u0433\u043e \u0432\u0445\u043e\u0434\u0430 \u0432 \u0441\u0438\u0441\u0442\u0435\u043c\u0443 (Secure Sockets Layer-SSL)<\/li>\n\n\n\n<li>\u0423\u043f\u0440\u0430\u0432\u043b\u0435\u043d\u0438\u0435 \u0434\u043e\u0441\u0442\u0443\u043f\u043e\u043c \u2014 \u0443\u043f\u043e\u043b\u043d\u043e\u043c\u043e\u0447\u0435\u043d\u043d\u043e\u0435 \u043b\u0438\u0446\u043e<\/li>\n\n\n\n<li>\u041f\u0440\u043e\u0433\u0440\u0430\u043c\u043c\u043d\u043e\u0435 \u043e\u0431\u0435\u0441\u043f\u0435\u0447\u0435\u043d\u0438\u0435 \u0434\u043b\u044f \u043c\u043e\u043d\u0438\u0442\u043e\u0440\u0438\u043d\u0433\u0430 \u0441\u0435\u0442\u0438<\/li>\n\n\n\n<li>\u0420\u0435\u0437\u0435\u0440\u0432\u043d\u043e\u0435 \u043a\u043e\u043f\u0438\u0440\u043e\u0432\u0430\u043d\u0438\u0435<\/li>\n<\/ul>\n\n\n\n<p>\u041c\u044b \u043e\u0431\u044f\u0437\u0443\u0435\u043c\u0441\u044f \u043e\u0431\u0435\u0441\u043f\u0435\u0447\u0438\u0442\u044c \u0432\u044b\u0441\u043e\u043a\u0443\u044e \u0441\u0442\u0435\u043f\u0435\u043d\u044c \u043a\u043e\u043d\u0444\u0438\u0434\u0435\u043d\u0446\u0438\u0430\u043b\u044c\u043d\u043e\u0441\u0442\u0438 \u0441 \u043f\u043e\u043c\u043e\u0449\u044c\u044e \u0441\u043e\u0432\u0440\u0435\u043c\u0435\u043d\u043d\u044b\u0445 \u043c\u0435\u0442\u043e\u0434\u043e\u0432 \u0437\u0430\u0449\u0438\u0442\u044b \u0438\u043d\u0444\u043e\u0440\u043c\u0430\u0446\u0438\u0438. \u041e\u0434\u043d\u0430\u043a\u043e \u043f\u0440\u0438 \u0438\u043d\u0442\u0435\u0440\u043d\u0435\u0442-\u043e\u043f\u0435\u0440\u0430\u0446\u0438\u044f\u0445 \u0441 \u043f\u0435\u0440\u0441\u043e\u043d\u0430\u043b\u044c\u043d\u044b\u043c\u0438 \u0434\u0430\u043d\u043d\u044b\u043c\u0438 \u043d\u0435\u043a\u043e\u0442\u043e\u0440\u044b\u0435 \u0440\u0438\u0441\u043a\u0438 \u043d\u0435\u0438\u0437\u0431\u0435\u0436\u043d\u044b, \u043f\u043e\u0441\u043a\u043e\u043b\u044c\u043a\u0443 \u043d\u0438 \u043e\u0434\u0438\u043d \u043c\u0435\u0445\u0430\u043d\u0438\u0437\u043c \u043d\u0435 \u043c\u043e\u0436\u0435\u0442 \u043e\u0431\u0435\u0441\u043f\u0435\u0447\u0438\u0442\u044c \u0441\u0442\u043e\u043f\u0440\u043e\u0446\u0435\u043d\u0442\u043d\u0443\u044e \u0431\u0435\u0437\u043e\u043f\u0430\u0441\u043d\u043e\u0441\u0442\u044c.<\/p>\n\n\n\n<hr class=\"wp-block-separator has-css-opacity\"\/>\n\n\n\n<h4 class=\"wp-block-heading\"><strong>\u042d\u0442\u0438\u043a\u0430<\/strong><\/h4>\n\n\n\n<p>\u0422\u0440\u0435\u0431\u043e\u0432\u0430\u043d\u0438\u044f, \u043a\u043e\u0442\u043e\u0440\u044b\u043c \u043e\u0442\u0432\u0435\u0447\u0430\u044e\u0442 \u043d\u0430\u0448\u0438 \u043e\u0431\u044f\u0437\u0430\u0442\u0435\u043b\u044c\u0441\u0442\u0432\u0430 \u043f\u043e \u0432\u043e\u043f\u0440\u043e\u0441\u0430\u043c \u043a\u043e\u043d\u0444\u0438\u0434\u0435\u043d\u0446\u0438\u0430\u043b\u044c\u043d\u043e\u0441\u0442\u0438 \u0432 \u043f\u0440\u043e\u0433\u0440\u0430\u043c\u043c\u0435:<\/p>\n\n\n\n<hr class=\"wp-block-separator has-css-opacity\"\/>\n\n\n\n<h4 class=\"wp-block-heading\"><strong>\u0417\u0430\u043a\u043e\u043d\u043e\u0434\u0430\u0442\u0435\u043b\u044c\u0441\u0442\u0432\u043e<\/strong><\/h4>\n\n\n\n<p>\u041c\u044b \u043e\u0431\u044f\u0437\u0443\u0435\u043c\u0441\u044f \u0441\u043e\u0431\u043b\u044e\u0434\u0430\u0442\u044c \u043f\u0440\u0430\u0432\u043e\u0432\u044b\u0435 \u043d\u043e\u0440\u043c\u044b, \u0443\u043a\u0430\u0437\u0430\u043d\u043d\u044b\u0435 \u0432 \u041e\u0431\u0449\u0435\u043c \u0440\u0435\u0433\u043b\u0430\u043c\u0435\u043d\u0442\u0435 \u043f\u043e \u0437\u0430\u0449\u0438\u0442\u0435 \u0434\u0430\u043d\u043d\u044b\u0445 \u2116&nbsp;2208435.<\/p>\n","protected":false},"excerpt":{"rendered":"<p>\u0421 \u043f\u043e\u044f\u0432\u043b\u0435\u043d\u0438\u0435\u043c \u043d\u043e\u0432\u044b\u0445 \u0441\u0440\u0435\u0434\u0441\u0442\u0432 \u0441\u0432\u044f\u0437\u0438 \u043d\u0435\u043e\u0431\u0445\u043e\u0434\u0438\u043c\u043e \u0443\u0434\u0435\u043b\u0438\u0442\u044c \u043e\u0441\u043e\u0431\u043e\u0435 \u0432\u043d\u0438\u043c\u0430\u043d\u0438\u0435 \u0437\u0430\u0449\u0438\u0442\u0435 \u043f\u0435\u0440\u0441\u043e\u043d\u0430\u043b\u044c\u043d\u044b\u0445 \u0434\u0430\u043d\u043d\u044b\u0445. \u041c\u044b \u043e\u0431\u044f\u0437\u0443\u0435\u043c\u0441\u044f \u0441\u043e\u0431\u043b\u044e\u0434\u0430\u0442\u044c \u043a\u043e\u043d\u0444\u0438\u0434\u0435\u043d\u0446\u0438\u0430\u043b\u044c\u043d\u043e\u0441\u0442\u044c \u0441\u043e\u0431\u0440\u0430\u043d\u043d\u043e\u0439 \u043d\u0430\u043c\u0438 \u043f\u0435\u0440\u0441\u043e\u043d\u0430\u043b\u044c\u043d\u043e\u0439 \u0438\u043d\u0444\u043e\u0440\u043c\u0430\u0446\u0438\u0438. \u0421\u0431\u043e\u0440 \u043f\u0435\u0440\u0441\u043e\u043d\u0430\u043b\u044c\u043d\u043e\u0439 \u0438\u043d\u0444\u043e\u0440\u043c\u0430\u0446\u0438\u0438 \/ \u041c\u044b \u0441\u043e\u0431\u0438\u0440\u0430\u0435\u043c \u0441\u043b\u0435\u0434\u0443\u044e\u0449\u0443\u044e \u0438\u043d\u0444\u043e\u0440\u043c\u0430\u0446\u0438\u044e:&#8230;<\/p>\n","protected":false},"author":10,"featured_media":75122,"parent":0,"menu_order":51,"comment_status":"closed","ping_status":"closed","template":"","meta":{"_acf_changed":false,"_coblocks_attr":"","_coblocks_dimensions":"","_coblocks_responsive_height":"","_coblocks_accordion_ie_support":"","_uag_custom_page_level_css":"","footnotes":""},"class_list":["post-75113","page","type-page","status-publish","has-post-thumbnail","hentry"],"acf":[],"uagb_featured_image_src":{"full":["https:\/\/efectis.com\/app\/uploads\/2023\/01\/Privacy-policy.jpg",2119,1414,false],"thumbnail":["https:\/\/efectis.com\/app\/uploads\/2023\/01\/Privacy-policy-250x150.jpg",250,150,true],"medium":["https:\/\/efectis.com\/app\/uploads\/2023\/01\/Privacy-policy-300x200.jpg",300,200,true],"medium_large":["https:\/\/efectis.com\/app\/uploads\/2023\/01\/Privacy-policy.jpg",2119,1414,false],"large":["https:\/\/efectis.com\/app\/uploads\/2023\/01\/Privacy-policy-1024x683.jpg",1024,683,true],"1536x1536":["https:\/\/efectis.com\/app\/uploads\/2023\/01\/Privacy-policy-1536x1025.jpg",1536,1025,true],"2048x2048":["https:\/\/efectis.com\/app\/uploads\/2023\/01\/Privacy-policy-2048x1367.jpg",2048,1367,true],"gform-image-choice-sm":["https:\/\/efectis.com\/app\/uploads\/2023\/01\/Privacy-policy.jpg",300,200,false],"gform-image-choice-md":["https:\/\/efectis.com\/app\/uploads\/2023\/01\/Privacy-policy.jpg",400,267,false],"gform-image-choice-lg":["https:\/\/efectis.com\/app\/uploads\/2023\/01\/Privacy-policy.jpg",600,400,false]},"uagb_author_info":{"display_name":"Monique","author_link":"https:\/\/efectis.com\/ru\/author\/monique\/"},"uagb_comment_info":0,"uagb_excerpt":"\u0421 \u043f\u043e\u044f\u0432\u043b\u0435\u043d\u0438\u0435\u043c \u043d\u043e\u0432\u044b\u0445 \u0441\u0440\u0435\u0434\u0441\u0442\u0432 \u0441\u0432\u044f\u0437\u0438 \u043d\u0435\u043e\u0431\u0445\u043e\u0434\u0438\u043c\u043e \u0443\u0434\u0435\u043b\u0438\u0442\u044c \u043e\u0441\u043e\u0431\u043e\u0435 \u0432\u043d\u0438\u043c\u0430\u043d\u0438\u0435 \u0437\u0430\u0449\u0438\u0442\u0435 \u043f\u0435\u0440\u0441\u043e\u043d\u0430\u043b\u044c\u043d\u044b\u0445 \u0434\u0430\u043d\u043d\u044b\u0445. \u041c\u044b \u043e\u0431\u044f\u0437\u0443\u0435\u043c\u0441\u044f \u0441\u043e\u0431\u043b\u044e\u0434\u0430\u0442\u044c \u043a\u043e\u043d\u0444\u0438\u0434\u0435\u043d\u0446\u0438\u0430\u043b\u044c\u043d\u043e\u0441\u0442\u044c \u0441\u043e\u0431\u0440\u0430\u043d\u043d\u043e\u0439 \u043d\u0430\u043c\u0438 \u043f\u0435\u0440\u0441\u043e\u043d\u0430\u043b\u044c\u043d\u043e\u0439 \u0438\u043d\u0444\u043e\u0440\u043c\u0430\u0446\u0438\u0438. \u0421\u0431\u043e\u0440 \u043f\u0435\u0440\u0441\u043e\u043d\u0430\u043b\u044c\u043d\u043e\u0439 \u0438\u043d\u0444\u043e\u0440\u043c\u0430\u0446\u0438\u0438 \/ \u041c\u044b \u0441\u043e\u0431\u0438\u0440\u0430\u0435\u043c \u0441\u043b\u0435\u0434\u0443\u044e\u0449\u0443\u044e \u0438\u043d\u0444\u043e\u0440\u043c\u0430\u0446\u0438\u044e:...","_links":{"self":[{"href":"https:\/\/efectis.com\/ru\/wp-json\/wp\/v2\/pages\/75113","targetHints":{"allow":["GET"]}}],"collection":[{"href":"https:\/\/efectis.com\/ru\/wp-json\/wp\/v2\/pages"}],"about":[{"href":"https:\/\/efectis.com\/ru\/wp-json\/wp\/v2\/types\/page"}],"author":[{"embeddable":true,"href":"https:\/\/efectis.com\/ru\/wp-json\/wp\/v2\/users\/10"}],"replies":[{"embeddable":true,"href":"https:\/\/efectis.com\/ru\/wp-json\/wp\/v2\/comments?post=75113"}],"version-history":[{"count":0,"href":"https:\/\/efectis.com\/ru\/wp-json\/wp\/v2\/pages\/75113\/revisions"}],"wp:featuredmedia":[{"embeddable":true,"href":"https:\/\/efectis.com\/ru\/wp-json\/wp\/v2\/media\/75122"}],"wp:attachment":[{"href":"https:\/\/efectis.com\/ru\/wp-json\/wp\/v2\/media?parent=75113"}],"curies":[{"name":"wp","href":"https:\/\/api.w.org\/{rel}","templated":true}]}}