{"id":2101,"date":"2016-06-07T10:43:28","date_gmt":"2016-06-07T08:43:28","guid":{"rendered":"https:\/\/efectis.com\/tr\/?page_id=2101"},"modified":"2021-11-08T10:04:50","modified_gmt":"2021-11-08T09:04:50","slug":"egitim","status":"publish","type":"page","link":"https:\/\/efectis.com\/tr\/services-by-solutions\/egitim\/","title":{"rendered":"E\u011fitim"},"content":{"rendered":"\n<p class=\"has-text-align-left\"><strong>Efectis; yang\u0131n g\u00fcvenli\u011fi alan\u0131ndaki \u00a070 y\u0131ll\u0131k deneyim ve bilgi birikimi\u00a0ile ihtiya\u00e7lar\u0131n\u0131za g\u00f6re e\u011fitim programlar\u0131 sunmaktad\u0131r. <\/strong><\/p>\n\n\n\n<p class=\"has-text-align-left\">Kamu binalar\u0131, y\u00fcksek binalar, depolar, n\u00fckleer tesisler\u00a0 gibi pek \u00e7ok farkl\u0131 yap\u0131 tipi i\u00e7in mevzuat gereksinimlerine, y\u00fcr\u00fcrl\u00fckte olan \u00a0\u00fcr\u00fcn test standartlar\u0131 ve CE i\u015faretleme standartlar\u0131na, tasar\u0131m ve yerinde saha kontrol\u00fc (montaj kontrol\u00fc) hizmetlerine y\u00f6nelik yang\u0131n g\u00fcvenlik e\u011fitimleri sunmaktad\u0131r.<\/p>\n","protected":false},"excerpt":{"rendered":"<p>Efectis; yang\u0131n g\u00fcvenli\u011fi alan\u0131ndaki \u00a070 y\u0131ll\u0131k deneyim ve bilgi birikimi\u00a0ile ihtiya\u00e7lar\u0131n\u0131za g\u00f6re e\u011fitim programlar\u0131 sunmaktad\u0131r. Kamu binalar\u0131, y\u00fcksek binalar, depolar, n\u00fckleer tesisler\u00a0 gibi pek \u00e7ok farkl\u0131 yap\u0131 tipi&#8230;<\/p>\n","protected":false},"author":10,"featured_media":2968,"parent":1755,"menu_order":218,"comment_status":"closed","ping_status":"closed","template":"","meta":{"_acf_changed":false,"_coblocks_attr":"","_coblocks_dimensions":"","_coblocks_responsive_height":"","_coblocks_accordion_ie_support":"","_uag_custom_page_level_css":"","footnotes":""},"class_list":["post-2101","page","type-page","status-publish","has-post-thumbnail","hentry"],"acf":[],"uagb_featured_image_src":{"full":["https:\/\/efectis.com\/app\/uploads\/2016\/05\/formation.jpg",2500,400,false],"thumbnail":["https:\/\/efectis.com\/app\/uploads\/2016\/05\/formation-250x150.jpg",250,150,true],"medium":["https:\/\/efectis.com\/app\/uploads\/2016\/05\/formation-300x48.jpg",300,48,true],"medium_large":["https:\/\/efectis.com\/app\/uploads\/2016\/05\/formation.jpg",2500,400,false],"large":["https:\/\/efectis.com\/app\/uploads\/2016\/05\/formation-1024x164.jpg",1024,164,true],"1536x1536":["https:\/\/efectis.com\/app\/uploads\/2016\/05\/formation.jpg",1536,246,false],"2048x2048":["https:\/\/efectis.com\/app\/uploads\/2016\/05\/formation.jpg",2048,328,false],"gform-image-choice-sm":["https:\/\/efectis.com\/app\/uploads\/2016\/05\/formation.jpg",300,48,false],"gform-image-choice-md":["https:\/\/efectis.com\/app\/uploads\/2016\/05\/formation.jpg",400,64,false],"gform-image-choice-lg":["https:\/\/efectis.com\/app\/uploads\/2016\/05\/formation.jpg",600,96,false]},"uagb_author_info":{"display_name":"Monique","author_link":"https:\/\/efectis.com\/tr\/author\/monique\/"},"uagb_comment_info":0,"uagb_excerpt":"Efectis; yang\u0131n g\u00fcvenli\u011fi alan\u0131ndaki \u00a070 y\u0131ll\u0131k deneyim ve bilgi birikimi\u00a0ile ihtiya\u00e7lar\u0131n\u0131za g\u00f6re e\u011fitim programlar\u0131 sunmaktad\u0131r. Kamu binalar\u0131, y\u00fcksek binalar, depolar, n\u00fckleer tesisler\u00a0 gibi pek \u00e7ok farkl\u0131 yap\u0131 tipi...","_links":{"self":[{"href":"https:\/\/efectis.com\/tr\/wp-json\/wp\/v2\/pages\/2101","targetHints":{"allow":["GET"]}}],"collection":[{"href":"https:\/\/efectis.com\/tr\/wp-json\/wp\/v2\/pages"}],"about":[{"href":"https:\/\/efectis.com\/tr\/wp-json\/wp\/v2\/types\/page"}],"author":[{"embeddable":true,"href":"https:\/\/efectis.com\/tr\/wp-json\/wp\/v2\/users\/10"}],"replies":[{"embeddable":true,"href":"https:\/\/efectis.com\/tr\/wp-json\/wp\/v2\/comments?post=2101"}],"version-history":[{"count":0,"href":"https:\/\/efectis.com\/tr\/wp-json\/wp\/v2\/pages\/2101\/revisions"}],"up":[{"embeddable":true,"href":"https:\/\/efectis.com\/tr\/wp-json\/wp\/v2\/pages\/1755"}],"wp:featuredmedia":[{"embeddable":true,"href":"https:\/\/efectis.com\/tr\/wp-json\/wp\/v2\/media\/2968"}],"wp:attachment":[{"href":"https:\/\/efectis.com\/tr\/wp-json\/wp\/v2\/media?parent=2101"}],"curies":[{"name":"wp","href":"https:\/\/api.w.org\/{rel}","templated":true}]}}