{"id":2339,"date":"2016-06-09T16:29:12","date_gmt":"2016-06-09T14:29:12","guid":{"rendered":"https:\/\/efectis.com\/tr\/?page_id=2339"},"modified":"2024-10-31T11:18:34","modified_gmt":"2024-10-31T10:18:34","slug":"yuksek-katli-yapilar","status":"publish","type":"page","link":"https:\/\/efectis.com\/tr\/services-by-industry\/yuksek-katli-yapilar\/","title":{"rendered":"Y\u00fcksek Katl\u0131 Yap\u0131lar"},"content":{"rendered":"\n<p><strong>\u00d6nlenemeyen bir felakete kar\u015f\u0131 erken uyar\u0131da bulunmak \u00fczere, Efectis i\u015f merkezleri ve y\u00fcksek binalar i\u00e7in \u00e7e\u015fitli hizmetler sunmaktad\u0131r.<\/strong> <\/p>\n\n\n\n<p>Bu kapsamda, koruyucu \u00f6nlemler, analizler, m\u00fchendislik, testler muayene&nbsp; ve denetim arac\u0131l\u0131\u011f\u0131yla yang\u0131n g\u00fcvenli\u011fi sorunlar\u0131na odaklan\u0131lmaktad\u0131r. Bu hizmetlerin t\u00fcm\u00fc 60 y\u0131l\u0131 a\u015fan bilgi birikimi ve deneyim kullan\u0131larak ger\u00e7ekle\u015ftirilmektedir.<\/p>\n\n\n\n<div class=\"wp-block-group\"><div class=\"wp-block-group__inner-container is-layout-flow wp-block-group-is-layout-flow\">\n<h2 class=\"wp-block-heading\">Hizmetlerimiz<\/h2>\n\n\n\n<ul class=\"wp-block-list\"><li>Is\u0131 ve duman yay\u0131l\u0131m analizi (CFD)<\/li><li>Yang\u0131n tahliye ve ka\u00e7\u0131\u015f modellemeleri<\/li><li>Yap\u0131sal yang\u0131n davran\u0131\u015f\u0131 analizi<\/li><li>Konsept yang\u0131n tasar\u0131m\u0131<\/li><li>Tasar\u0131m kontrol\u00fc<\/li><li>Saha kontrol\u00fc ve montaj muayeneleri <\/li><li>Yang\u0131n senaryosu ve yang\u0131n matrisi <\/li><li>Yang\u0131n fonksiyon testleri<\/li><li>Periyodik yang\u0131n g\u00fcvenli\u011fi<\/li><li>Havaland\u0131rma ve duman tahliye testleri<\/li><li>Kalorimetrik davlumbaz alt\u0131nda yanma testi<\/li><li>Tam \u00f6l\u00e7ekli testler<\/li><li>Yap\u0131 malzemelerin yang\u0131na dayan\u0131m testleri<\/li><li>Yap\u0131 malzemelerin yang\u0131na tepki testleri<\/li><\/ul>\n\n\n\n<p><\/p>\n<\/div><\/div>\n","protected":false},"excerpt":{"rendered":"<p>\u00d6nlenemeyen bir felakete kar\u015f\u0131 erken uyar\u0131da bulunmak \u00fczere, Efectis i\u015f merkezleri ve y\u00fcksek binalar i\u00e7in \u00e7e\u015fitli hizmetler sunmaktad\u0131r. Bu kapsamda, koruyucu \u00f6nlemler, analizler, m\u00fchendislik, testler muayene&nbsp; ve denetim&#8230;<\/p>\n","protected":false},"author":10,"featured_media":2955,"parent":2146,"menu_order":220,"comment_status":"closed","ping_status":"closed","template":"thm_industries.php","meta":{"_acf_changed":false,"_coblocks_attr":"","_coblocks_dimensions":"","_coblocks_responsive_height":"","_coblocks_accordion_ie_support":"","_uag_custom_page_level_css":"","footnotes":""},"class_list":["post-2339","page","type-page","status-publish","has-post-thumbnail","hentry"],"acf":[],"uagb_featured_image_src":{"full":["https:\/\/efectis.com\/app\/uploads\/2016\/05\/113_3502BANCommercialAndHighRise.jpg",2500,400,false],"thumbnail":["https:\/\/efectis.com\/app\/uploads\/2016\/05\/113_3502BANCommercialAndHighRise-250x150.jpg",250,150,true],"medium":["https:\/\/efectis.com\/app\/uploads\/2016\/05\/113_3502BANCommercialAndHighRise-300x48.jpg",300,48,true],"medium_large":["https:\/\/efectis.com\/app\/uploads\/2016\/05\/113_3502BANCommercialAndHighRise.jpg",2500,400,false],"large":["https:\/\/efectis.com\/app\/uploads\/2016\/05\/113_3502BANCommercialAndHighRise-1024x164.jpg",1024,164,true],"1536x1536":["https:\/\/efectis.com\/app\/uploads\/2016\/05\/113_3502BANCommercialAndHighRise.jpg",1536,246,false],"2048x2048":["https:\/\/efectis.com\/app\/uploads\/2016\/05\/113_3502BANCommercialAndHighRise.jpg",2048,328,false],"gform-image-choice-sm":["https:\/\/efectis.com\/app\/uploads\/2016\/05\/113_3502BANCommercialAndHighRise.jpg",300,48,false],"gform-image-choice-md":["https:\/\/efectis.com\/app\/uploads\/2016\/05\/113_3502BANCommercialAndHighRise.jpg",400,64,false],"gform-image-choice-lg":["https:\/\/efectis.com\/app\/uploads\/2016\/05\/113_3502BANCommercialAndHighRise.jpg",600,96,false]},"uagb_author_info":{"display_name":"Monique","author_link":"https:\/\/efectis.com\/tr\/author\/monique\/"},"uagb_comment_info":0,"uagb_excerpt":"\u00d6nlenemeyen bir felakete kar\u015f\u0131 erken uyar\u0131da bulunmak \u00fczere, Efectis i\u015f merkezleri ve y\u00fcksek binalar i\u00e7in \u00e7e\u015fitli hizmetler sunmaktad\u0131r. Bu kapsamda, koruyucu \u00f6nlemler, analizler, m\u00fchendislik, testler muayene&nbsp; ve denetim...","_links":{"self":[{"href":"https:\/\/efectis.com\/tr\/wp-json\/wp\/v2\/pages\/2339","targetHints":{"allow":["GET"]}}],"collection":[{"href":"https:\/\/efectis.com\/tr\/wp-json\/wp\/v2\/pages"}],"about":[{"href":"https:\/\/efectis.com\/tr\/wp-json\/wp\/v2\/types\/page"}],"author":[{"embeddable":true,"href":"https:\/\/efectis.com\/tr\/wp-json\/wp\/v2\/users\/10"}],"replies":[{"embeddable":true,"href":"https:\/\/efectis.com\/tr\/wp-json\/wp\/v2\/comments?post=2339"}],"version-history":[{"count":1,"href":"https:\/\/efectis.com\/tr\/wp-json\/wp\/v2\/pages\/2339\/revisions"}],"predecessor-version":[{"id":85899,"href":"https:\/\/efectis.com\/tr\/wp-json\/wp\/v2\/pages\/2339\/revisions\/85899"}],"up":[{"embeddable":true,"href":"https:\/\/efectis.com\/tr\/wp-json\/wp\/v2\/pages\/2146"}],"wp:featuredmedia":[{"embeddable":true,"href":"https:\/\/efectis.com\/tr\/wp-json\/wp\/v2\/media\/2955"}],"wp:attachment":[{"href":"https:\/\/efectis.com\/tr\/wp-json\/wp\/v2\/media?parent=2339"}],"curies":[{"name":"wp","href":"https:\/\/api.w.org\/{rel}","templated":true}]}}