{"id":43769,"date":"2021-02-18T13:23:05","date_gmt":"2021-02-18T12:23:05","guid":{"rendered":"https:\/\/efectis.com\/certifications-3\/"},"modified":"2022-02-03T15:21:15","modified_gmt":"2022-02-03T14:21:15","slug":"reports","status":"publish","type":"page","link":"https:\/\/efectis.com\/tr\/reports\/","title":{"rendered":"Test sonu\u00e7 belgesi"},"content":{"rendered":"\n<p><strong>Efectis, web sitesinde yay\u0131nlananan test sonu\u00e7 belgeleri sunar.<\/strong><\/p>\n\n\n\n<p>Bu g\u00f6n\u00fcll\u00fc hizmet istek \u00fczerine mevcuttur. Efectis taraf\u0131ndan yay\u0131nlanan t\u00fcm test sonu\u00e7 belgeleri web sitemizde yay\u0131nlanmaktad\u0131r.\u00a0<\/p>\n\n\n\n<p>Belge aramak i\u00e7in l\u00fctfen firma ad\u0131 veya belge numaras\u0131n\u0131 giriniz.<\/p>\n","protected":false},"excerpt":{"rendered":"<p>Efectis, web sitesinde yay\u0131nlananan test sonu\u00e7 belgeleri sunar. Bu g\u00f6n\u00fcll\u00fc hizmet istek \u00fczerine mevcuttur. Efectis taraf\u0131ndan yay\u0131nlanan t\u00fcm test sonu\u00e7 belgeleri web sitemizde yay\u0131nlanmaktad\u0131r.\u00a0 Belge aramak i\u00e7in l\u00fctfen&#8230;<\/p>\n","protected":false},"author":10,"featured_media":0,"parent":0,"menu_order":14,"comment_status":"closed","ping_status":"closed","template":"search-reports.php","meta":{"_acf_changed":false,"_coblocks_attr":"","_coblocks_dimensions":"","_coblocks_responsive_height":"","_coblocks_accordion_ie_support":"","_uag_custom_page_level_css":"","footnotes":""},"class_list":["post-43769","page","type-page","status-publish","hentry"],"acf":[],"uagb_featured_image_src":{"full":false,"thumbnail":false,"medium":false,"medium_large":false,"large":false,"1536x1536":false,"2048x2048":false,"gform-image-choice-sm":false,"gform-image-choice-md":false,"gform-image-choice-lg":false},"uagb_author_info":{"display_name":"Monique","author_link":"https:\/\/efectis.com\/tr\/author\/monique\/"},"uagb_comment_info":0,"uagb_excerpt":"Efectis, web sitesinde yay\u0131nlananan test sonu\u00e7 belgeleri sunar. Bu g\u00f6n\u00fcll\u00fc hizmet istek \u00fczerine mevcuttur. Efectis taraf\u0131ndan yay\u0131nlanan t\u00fcm test sonu\u00e7 belgeleri web sitemizde yay\u0131nlanmaktad\u0131r.\u00a0 Belge aramak i\u00e7in l\u00fctfen...","_links":{"self":[{"href":"https:\/\/efectis.com\/tr\/wp-json\/wp\/v2\/pages\/43769","targetHints":{"allow":["GET"]}}],"collection":[{"href":"https:\/\/efectis.com\/tr\/wp-json\/wp\/v2\/pages"}],"about":[{"href":"https:\/\/efectis.com\/tr\/wp-json\/wp\/v2\/types\/page"}],"author":[{"embeddable":true,"href":"https:\/\/efectis.com\/tr\/wp-json\/wp\/v2\/users\/10"}],"replies":[{"embeddable":true,"href":"https:\/\/efectis.com\/tr\/wp-json\/wp\/v2\/comments?post=43769"}],"version-history":[{"count":0,"href":"https:\/\/efectis.com\/tr\/wp-json\/wp\/v2\/pages\/43769\/revisions"}],"wp:attachment":[{"href":"https:\/\/efectis.com\/tr\/wp-json\/wp\/v2\/media?parent=43769"}],"curies":[{"name":"wp","href":"https:\/\/api.w.org\/{rel}","templated":true}]}}